{"id":1203,"date":"2015-01-01T14:35:29","date_gmt":"2015-01-01T13:35:29","guid":{"rendered":"http:\/\/www.sint-barnabas.be\/?page_id=1203"},"modified":"2026-01-12T10:52:26","modified_gmt":"2026-01-12T09:52:26","slug":"inschrijving-gphc-2013","status":"publish","type":"page","link":"http:\/\/www.sint-barnabas.be\/?page_id=1203","title":{"rendered":"Grote Prijs SBZ 2026"},"content":{"rendered":"<p>Alvorens u in te schrijven, bekijk de nog vrije plaatsen op onze verschillende standen (10m, 25m, 50m). De baanbezetting van onze Grote Prijs SBZ wordt zo actueel mogelijk gehouden.<\/p>\n<h3>Klik op bijgevoegde link : <a href=\"https:\/\/docs.google.com\/spreadsheets\/d\/1aopc7MSycIe2PyAKkd3Lt2LeTgGwqc2Y\/edit?usp=sharing&#038;ouid=107129290015271375667&#038;rtpof=true&#038;sd=true\"><strong>Baanbezetting<\/strong><\/a>.<\/h3>\n<h3><span style=\"font-size: 13px; font-weight: normal;\">Kies onderaan de file de verschillende standen 10,25 of 50. \u00a0<\/span><em style=\"color: #0000ff; font-size: 13px; font-weight: normal;\"><br \/>\nEens je naam verschijnt in de file &#8220;Baanbezetting&#8221; is je inschrijving bevestigd !<\/em><\/h3>\n<h3><strong style=\"font-size: 1.17em; text-align: center;\">&#8212;&#8212;&#8212;&#8212;&#8212;&#8212;&#8212;&#8212;&#8212;&#8212;&#8212;&#8212;&#8212;&#8212;&#8212;&#8212;&#8212;&#8212;&#8212;&#8212;&#8212;&#8212;&#8212;&#8212;&#8212;&#8212;&#8212;&#8212;&#8212;&#8212;&#8212;&#8212;&#8212;&#8212;&#8212;&#8212;&#8212;&#8212;&#8212;&#8212;&#8212;&#8212;&#8212;&#8212;&#8212;&#8212;&#8212;&#8212;&#8212;&#8212;&#8212;-<\/strong><\/h3>\n<p><span style=\"font-size: 13px; font-weight: normal;\">Avant de vous inscrire, v\u00e9rifiez les places libres sur nos diff\u00e9rentes pistes de tir (10m, 25m, 50m). L&#8217;occupation des pistes de notre Grand Prix SBZ sont mis \u00e0 jour chaque fois que possible.<\/span><\/p>\n<h3>Cliquez sur le lien ci-joint: <a href=\"https:\/\/docs.google.com\/spreadsheets\/d\/1aopc7MSycIe2PyAKkd3Lt2LeTgGwqc2Y\/edit?usp=sharing&#038;ouid=107129290015271375667&#038;rtpof=true&#038;sd=true\"><strong>Occupation des pistes<\/strong><\/a>.<\/h3>\n<p style=\"text-align: left;\">Choisissez au fond du dossier les differentes pistes 10,25 ou 50.\u00a0<span style=\"color: #0000ff;\"><em><br \/>\nVotre inscription est confirm\u00e9, une fois que votre nom appara\u00eet dans le fichier \u201cOccupation des pistes\u201d !<\/em><\/span><\/p>\n<h3 style=\"text-align: left;\"><strong style=\"font-size: 1.17em; text-align: center;\">&#8212;&#8212;&#8212;&#8212;&#8212;&#8212;&#8212;&#8212;&#8212;&#8212;&#8212;&#8212;&#8212;&#8212;&#8212;&#8212;&#8212;&#8212;&#8212;&#8212;&#8212;&#8212;&#8212;&#8212;&#8212;&#8212;&#8212;&#8212;&#8212;&#8212;&#8212;&#8212;&#8212;&#8212;&#8212;&#8212;&#8212;&#8212;&#8212;&#8212;&#8212;&#8212;&#8212;&#8212;&#8212;&#8212;&#8212;&#8212;&#8212;&#8212;&#8212;-<\/strong><\/h3>\n<p style=\"text-align: left;\">Before you enroll, review the free places on our different shooting ranges(10m, 25m, 50m).<br \/>\nThe occupation of the shooting ranges of our grand prize SBZ is kept as current as possible.<\/p>\n<h3 style=\"text-align: left;\">Click on the attached link: <a href=\"https:\/\/docs.google.com\/spreadsheets\/d\/1aopc7MSycIe2PyAKkd3Lt2LeTgGwqc2Y\/edit?usp=sharing&#038;ouid=107129290015271375667&#038;rtpof=true&#038;sd=true\"><strong>Range occupation<\/strong><\/a>.<\/h3>\n<p style=\"text-align: left;\">Select the different ranges, 10, 25 and 50m on the bottom of the file.<em style=\"color: #0000ff;\"><em><br \/>\nOnce your name appears in the file &#8220;Range occupation&#8221; your registration is confirmed!<\/em><\/em><\/p>\n<h3 style=\"text-align: center;\"><strong style=\"font-size: 1.17em;\">&#8212;&#8212;&#8212;&#8212;&#8212;&#8212;&#8212;&#8212;&#8212;&#8212;&#8212;&#8212;&#8212;&#8212;&#8212;&#8212;&#8212;&#8212;&#8212;&#8212;&#8212;&#8212;&#8212;&#8212;&#8212;&#8212;&#8212;&#8212;&#8212;&#8212;&#8212;&#8212;&#8212;&#8212;&#8212;&#8212;&#8212;&#8212;&#8212;&#8212;&#8212;&#8212;&#8212;&#8212;&#8212;&#8212;&#8212;&#8212;&#8212;&#8212;&#8212;-<\/strong><\/h3>\n<h3><span style=\"color: #0000ff;\"><strong>Klik op de link en vervolledig het inschrijvingsformulier<br \/>\nCliquez sur le lien et remplissez la demande<\/strong><br \/>\nClick on the link and complete the registration form!<\/span><\/h3>\n<h1 style=\"text-align: center;\"><span style=\"color: #339966;\"><a href=\"https:\/\/docs.google.com\/forms\/d\/e\/1FAIpQLScaYZ1CRtSx4q0n1tAn7rpJ9yHtcGnIfa94H1yiDEYBET4i2w\/viewform?usp=publish-editor\"><span style=\"color: #339966;\"><strong>Inschrijving \/ Inscription<\/strong><\/span><\/a><\/span><\/h1>\n","protected":false},"excerpt":{"rendered":"<p>Alvorens u in te schrijven, bekijk de nog vrije plaatsen op onze verschillende standen (10m, 25m, 50m). De baanbezetting van onze Grote Prijs SBZ wordt zo actueel mogelijk gehouden.<br \/>\nKlik op bijgevoegde link : Baanbezetting.<br \/>\nKies onderaan de file de verschillende standen 10,25 of 50. \u00a0<br \/>\nEens je naam verschijnt in de file &#8220;Baanbezetting&#8221; is je inschrijving bevestigd [&#8230;]<\/p>\n","protected":false},"author":1,"featured_media":0,"parent":0,"menu_order":25,"comment_status":"closed","ping_status":"closed","template":"","meta":{"footnotes":""},"class_list":["post-1203","page","type-page","status-publish","hentry"],"_links":{"self":[{"href":"http:\/\/www.sint-barnabas.be\/index.php?rest_route=\/wp\/v2\/pages\/1203"}],"collection":[{"href":"http:\/\/www.sint-barnabas.be\/index.php?rest_route=\/wp\/v2\/pages"}],"about":[{"href":"http:\/\/www.sint-barnabas.be\/index.php?rest_route=\/wp\/v2\/types\/page"}],"author":[{"embeddable":true,"href":"http:\/\/www.sint-barnabas.be\/index.php?rest_route=\/wp\/v2\/users\/1"}],"replies":[{"embeddable":true,"href":"http:\/\/www.sint-barnabas.be\/index.php?rest_route=%2Fwp%2Fv2%2Fcomments&post=1203"}],"version-history":[{"count":82,"href":"http:\/\/www.sint-barnabas.be\/index.php?rest_route=\/wp\/v2\/pages\/1203\/revisions"}],"predecessor-version":[{"id":3146,"href":"http:\/\/www.sint-barnabas.be\/index.php?rest_route=\/wp\/v2\/pages\/1203\/revisions\/3146"}],"wp:attachment":[{"href":"http:\/\/www.sint-barnabas.be\/index.php?rest_route=%2Fwp%2Fv2%2Fmedia&parent=1203"}],"curies":[{"name":"wp","href":"https:\/\/api.w.org\/{rel}","templated":true}]}}